{"id":693,"date":"2024-05-20T13:55:41","date_gmt":"2024-05-20T11:55:41","guid":{"rendered":"https:\/\/carma.bz.it\/home\/"},"modified":"2025-01-14T04:15:12","modified_gmt":"2025-01-14T03:15:12","slug":"home","status":"publish","type":"page","link":"https:\/\/carma.bz.it\/it\/","title":{"rendered":"Home"},"content":{"rendered":"\t\t<div data-elementor-type=\"wp-page\" data-elementor-id=\"693\" class=\"elementor elementor-693 elementor-26\" data-elementor-post-type=\"page\">\n\t\t\t\t<div class=\"elementor-element elementor-element-dd7678b e-flex e-con-boxed e-con e-parent\" data-id=\"dd7678b\" data-element_type=\"container\" data-e-type=\"container\" data-settings=\"{&quot;background_background&quot;:&quot;classic&quot;}\">\n\t\t\t\t\t<div class=\"e-con-inner\">\n\t\t\t\t\t<\/div>\n\t\t\t\t<\/div>\n\t\t<div class=\"elementor-element elementor-element-1119a6f e-flex e-con-boxed e-con e-parent\" data-id=\"1119a6f\" data-element_type=\"container\" data-e-type=\"container\">\n\t\t\t\t\t<div class=\"e-con-inner\">\n\t\t\t\t<div class=\"elementor-element elementor-element-1c3bbd5 blue elementor-widget elementor-widget-image\" data-id=\"1c3bbd5\" data-element_type=\"widget\" data-e-type=\"widget\" data-widget_type=\"image.default\">\n\t\t\t\t<div class=\"elementor-widget-container\">\n\t\t\t\t\t\t\t\t\t\t\t\t\t\t\t\t<a href=\"tel:+393458705722\">\n\t\t\t\t\t\t\t<img fetchpriority=\"high\" decoding=\"async\" width=\"1109\" height=\"1106\" src=\"https:\/\/carma.bz.it\/wp-content\/uploads\/2024\/05\/badge.png\" class=\"attachment-full size-full wp-image-640\" alt=\"\" srcset=\"https:\/\/carma.bz.it\/wp-content\/uploads\/2024\/05\/badge.png 1109w, https:\/\/carma.bz.it\/wp-content\/uploads\/2024\/05\/badge-300x300.png 300w, https:\/\/carma.bz.it\/wp-content\/uploads\/2024\/05\/badge-1024x1021.png 1024w, https:\/\/carma.bz.it\/wp-content\/uploads\/2024\/05\/badge-150x150.png 150w, https:\/\/carma.bz.it\/wp-content\/uploads\/2024\/05\/badge-768x766.png 768w\" sizes=\"(max-width: 1109px) 100vw, 1109px\" \/>\t\t\t\t\t\t\t\t<\/a>\n\t\t\t\t\t\t\t\t\t\t\t\t\t\t\t<\/div>\n\t\t\t\t<\/div>\n\t\t\t\t<div class=\"elementor-element elementor-element-cf7e0d2 yellow elementor-widget elementor-widget-image\" data-id=\"cf7e0d2\" data-element_type=\"widget\" data-e-type=\"widget\" data-widget_type=\"image.default\">\n\t\t\t\t<div class=\"elementor-widget-container\">\n\t\t\t\t\t\t\t\t\t\t\t\t\t\t\t\t<a href=\"tel:+393458705722\">\n\t\t\t\t\t\t\t<img decoding=\"async\" width=\"1109\" height=\"1106\" src=\"https:\/\/carma.bz.it\/wp-content\/uploads\/2024\/05\/yellowupdate.png\" class=\"attachment-full size-full wp-image-660\" alt=\"\" srcset=\"https:\/\/carma.bz.it\/wp-content\/uploads\/2024\/05\/yellowupdate.png 1109w, https:\/\/carma.bz.it\/wp-content\/uploads\/2024\/05\/yellowupdate-300x300.png 300w, https:\/\/carma.bz.it\/wp-content\/uploads\/2024\/05\/yellowupdate-1024x1021.png 1024w, https:\/\/carma.bz.it\/wp-content\/uploads\/2024\/05\/yellowupdate-150x150.png 150w, https:\/\/carma.bz.it\/wp-content\/uploads\/2024\/05\/yellowupdate-768x766.png 768w\" sizes=\"(max-width: 1109px) 100vw, 1109px\" \/>\t\t\t\t\t\t\t\t<\/a>\n\t\t\t\t\t\t\t\t\t\t\t\t\t\t\t<\/div>\n\t\t\t\t<\/div>\n\t\t\t\t\t<\/div>\n\t\t\t\t<\/div>\n\t\t<div class=\"elementor-element elementor-element-967f1e6 e-con-full e-flex e-con e-parent\" data-id=\"967f1e6\" data-element_type=\"container\" data-e-type=\"container\" data-settings=\"{&quot;background_background&quot;:&quot;classic&quot;}\">\n\t\t\t\t<div class=\"elementor-element elementor-element-e8065c6 elementor-widget elementor-widget-spacer\" data-id=\"e8065c6\" data-element_type=\"widget\" data-e-type=\"widget\" data-widget_type=\"spacer.default\">\n\t\t\t\t<div class=\"elementor-widget-container\">\n\t\t\t\t\t\t\t<div class=\"elementor-spacer\">\n\t\t\t<div class=\"elementor-spacer-inner\"><\/div>\n\t\t<\/div>\n\t\t\t\t\t\t<\/div>\n\t\t\t\t<\/div>\n\t\t\t\t<\/div>\n\t\t<div class=\"elementor-element elementor-element-cfd1cdd e-con-full e-flex e-con e-parent\" data-id=\"cfd1cdd\" data-element_type=\"container\" data-e-type=\"container\" data-settings=\"{&quot;background_background&quot;:&quot;classic&quot;}\">\n\t\t\t\t<div class=\"elementor-element elementor-element-f59dcd6 elementor-widget elementor-widget-heading\" data-id=\"f59dcd6\" data-element_type=\"widget\" data-e-type=\"widget\" data-widget_type=\"heading.default\">\n\t\t\t\t<div class=\"elementor-widget-container\">\n\t\t\t\t\t<h1 class=\"elementor-heading-title elementor-size-default\">pasta<br>\nbreakfast<br>\nBAR<\/h1>\t\t\t\t<\/div>\n\t\t\t\t<\/div>\n\t\t\t\t<div class=\"elementor-element elementor-element-2609da7 elementor-widget elementor-widget-image\" data-id=\"2609da7\" data-element_type=\"widget\" data-e-type=\"widget\" data-widget_type=\"image.default\">\n\t\t\t\t<div class=\"elementor-widget-container\">\n\t\t\t\t\t\t\t\t\t\t\t\t\t\t\t<img decoding=\"async\" width=\"2560\" height=\"750\" src=\"https:\/\/carma.bz.it\/wp-content\/uploads\/2024\/05\/Carma-min-scaled.webp\" class=\"attachment-full size-full wp-image-666\" alt=\"\" srcset=\"https:\/\/carma.bz.it\/wp-content\/uploads\/2024\/05\/Carma-min-scaled.webp 2560w, https:\/\/carma.bz.it\/wp-content\/uploads\/2024\/05\/Carma-min-300x88.webp 300w, https:\/\/carma.bz.it\/wp-content\/uploads\/2024\/05\/Carma-min-1024x300.webp 1024w, https:\/\/carma.bz.it\/wp-content\/uploads\/2024\/05\/Carma-min-768x225.webp 768w, https:\/\/carma.bz.it\/wp-content\/uploads\/2024\/05\/Carma-min-1536x450.webp 1536w, https:\/\/carma.bz.it\/wp-content\/uploads\/2024\/05\/Carma-min-2048x600.webp 2048w\" sizes=\"(max-width: 2560px) 100vw, 2560px\" \/>\t\t\t\t\t\t\t\t\t\t\t\t\t\t\t<\/div>\n\t\t\t\t<\/div>\n\t\t\t\t<\/div>\n\t\t<div class=\"elementor-element elementor-element-fd98de1 e-flex e-con-boxed e-con e-parent\" data-id=\"fd98de1\" data-element_type=\"container\" data-e-type=\"container\" data-settings=\"{&quot;background_background&quot;:&quot;classic&quot;}\">\n\t\t\t\t\t<div class=\"e-con-inner\">\n\t\t<div class=\"elementor-element elementor-element-af25c0d e-flex e-con-boxed e-con e-child\" data-id=\"af25c0d\" data-element_type=\"container\" data-e-type=\"container\">\n\t\t\t\t\t<div class=\"e-con-inner\">\n\t\t\t\t<div class=\"elementor-element elementor-element-584d813 elementor-widget-mobile__width-inherit elementor-widget elementor-widget-heading\" data-id=\"584d813\" data-element_type=\"widget\" data-e-type=\"widget\" data-widget_type=\"heading.default\">\n\t\t\t\t<div class=\"elementor-widget-container\">\n\t\t\t\t\t<h2 class=\"elementor-heading-title elementor-size-default\">Hai gi\u00e0 fatto un Brunch \u00e0 la carte oggi?<\/h2>\t\t\t\t<\/div>\n\t\t\t\t<\/div>\n\t\t\t\t<div class=\"elementor-element elementor-element-e8d4c19 elementor-widget elementor-widget-text-editor\" data-id=\"e8d4c19\" data-element_type=\"widget\" data-e-type=\"widget\" data-widget_type=\"text-editor.default\">\n\t\t\t\t<div class=\"elementor-widget-container\">\n\t\t\t\t\t\t\t\t\t<p>Da noi puoi comporre la tua colazione come preferisci:<\/p><p>Che si tratti di panini (anche senza glutine), pancake, porridge, piatti a base di uova, salmone, salumi o formaggi misti, yogurt, frutta fresca o muesli \u2013 accompagnati da succhi freschi e bevande calde a scelta.<\/p>\t\t\t\t\t\t\t\t<\/div>\n\t\t\t\t<\/div>\n\t\t\t\t<div class=\"elementor-element elementor-element-88baca0 elementor-widget elementor-widget-heading\" data-id=\"88baca0\" data-element_type=\"widget\" data-e-type=\"widget\" data-widget_type=\"heading.default\">\n\t\t\t\t<div class=\"elementor-widget-container\">\n\t\t\t\t\t<div class=\"elementor-heading-title elementor-size-default\">Brunch: Da luned\u00ec a venerd\u00ec dalle 7 alle 11<\/div>\t\t\t\t<\/div>\n\t\t\t\t<\/div>\n\t\t\t\t\t<\/div>\n\t\t\t\t<\/div>\n\t\t<div class=\"elementor-element elementor-element-e8c050f e-con-full e-flex e-con e-child\" data-id=\"e8c050f\" data-element_type=\"container\" data-e-type=\"container\">\n\t\t\t\t<div class=\"elementor-element elementor-element-ea07821 elementor-widget elementor-widget-image\" data-id=\"ea07821\" data-element_type=\"widget\" data-e-type=\"widget\" data-widget_type=\"image.default\">\n\t\t\t\t<div class=\"elementor-widget-container\">\n\t\t\t\t\t\t\t\t\t\t\t\t\t\t\t<img loading=\"lazy\" decoding=\"async\" width=\"1042\" height=\"729\" src=\"https:\/\/carma.bz.it\/wp-content\/uploads\/2024\/05\/fresh.jpg\" class=\"attachment-full size-full wp-image-628\" alt=\"\" srcset=\"https:\/\/carma.bz.it\/wp-content\/uploads\/2024\/05\/fresh.jpg 1042w, https:\/\/carma.bz.it\/wp-content\/uploads\/2024\/05\/fresh-300x210.jpg 300w, https:\/\/carma.bz.it\/wp-content\/uploads\/2024\/05\/fresh-1024x716.jpg 1024w, https:\/\/carma.bz.it\/wp-content\/uploads\/2024\/05\/fresh-768x537.jpg 768w\" sizes=\"(max-width: 1042px) 100vw, 1042px\" \/>\t\t\t\t\t\t\t\t\t\t\t\t\t\t\t<\/div>\n\t\t\t\t<\/div>\n\t\t\t\t<\/div>\n\t\t\t\t\t<\/div>\n\t\t\t\t<\/div>\n\t\t<div class=\"elementor-element elementor-element-0b620fc e-flex e-con-boxed e-con e-parent\" data-id=\"0b620fc\" data-element_type=\"container\" data-e-type=\"container\" data-settings=\"{&quot;background_background&quot;:&quot;classic&quot;}\">\n\t\t\t\t\t<div class=\"e-con-inner\">\n\t\t\t\t<div class=\"elementor-element elementor-element-3392643 elementor-widget elementor-widget-heading\" data-id=\"3392643\" data-element_type=\"widget\" data-e-type=\"widget\" data-widget_type=\"heading.default\">\n\t\t\t\t<div class=\"elementor-widget-container\">\n\t\t\t\t\t<h3 class=\"elementor-heading-title elementor-size-default\">Fatto in casa e fresco<\/h3>\t\t\t\t<\/div>\n\t\t\t\t<\/div>\n\t\t\t\t<div class=\"elementor-element elementor-element-8587ffb elementor-widget elementor-widget-text-editor\" data-id=\"8587ffb\" data-element_type=\"widget\" data-e-type=\"widget\" data-widget_type=\"text-editor.default\">\n\t\t\t\t<div class=\"elementor-widget-container\">\n\t\t\t\t\t\t\t\t\t<p>\u201cCARMA\u201d \u00e8 sinonimo di sapori italiani e altoatesini senza compromessi.<\/p><p>Inizia la tua giornata con noi con una colazione alla carta, che offriamo dalle 7 alle 11 con prodotti regionali esclusivi. Dalle 11.30 serviamo &#8220;Primi Piatti&#8221; che cambiano ogni giorno, oltre ai nostri deliziosi Top 5 classici della cucina italiana e altoatesina &#8211; preparati al momento con amore. La nostra pasta \u00e8 prodotta esclusivamente con grano di alta qualit\u00e0 proveniente direttamente dall&#8217;Italia.<\/p><p>Vieni a trovarci e provala tu stesso. Rimarrai sorpreso!<\/p>\t\t\t\t\t\t\t\t<\/div>\n\t\t\t\t<\/div>\n\t\t<div class=\"elementor-element elementor-element-0ac0e73 e-flex e-con-boxed e-con e-child\" data-id=\"0ac0e73\" data-element_type=\"container\" data-e-type=\"container\">\n\t\t\t\t\t<div class=\"e-con-inner\">\n\t\t<div class=\"elementor-element elementor-element-608ea27 e-flex e-con-boxed e-con e-child\" data-id=\"608ea27\" data-element_type=\"container\" data-e-type=\"container\">\n\t\t\t\t\t<div class=\"e-con-inner\">\n\t\t\t\t<div class=\"elementor-element elementor-element-aad912e elementor-widget elementor-widget-image\" data-id=\"aad912e\" data-element_type=\"widget\" data-e-type=\"widget\" data-widget_type=\"image.default\">\n\t\t\t\t<div class=\"elementor-widget-container\">\n\t\t\t\t\t\t\t\t\t\t\t\t\t\t\t<img loading=\"lazy\" decoding=\"async\" width=\"1458\" height=\"1042\" src=\"https:\/\/carma.bz.it\/wp-content\/uploads\/2024\/06\/2-1.webp\" class=\"attachment-full size-full wp-image-867\" alt=\"\" srcset=\"https:\/\/carma.bz.it\/wp-content\/uploads\/2024\/06\/2-1.webp 1458w, https:\/\/carma.bz.it\/wp-content\/uploads\/2024\/06\/2-1-300x214.webp 300w, https:\/\/carma.bz.it\/wp-content\/uploads\/2024\/06\/2-1-1024x732.webp 1024w, https:\/\/carma.bz.it\/wp-content\/uploads\/2024\/06\/2-1-768x549.webp 768w\" sizes=\"(max-width: 1458px) 100vw, 1458px\" \/>\t\t\t\t\t\t\t\t\t\t\t\t\t\t\t<\/div>\n\t\t\t\t<\/div>\n\t\t\t\t\t<\/div>\n\t\t\t\t<\/div>\n\t\t<div class=\"elementor-element elementor-element-532c157 e-flex e-con-boxed e-con e-child\" data-id=\"532c157\" data-element_type=\"container\" data-e-type=\"container\">\n\t\t\t\t\t<div class=\"e-con-inner\">\n\t\t\t\t<div class=\"elementor-element elementor-element-8ba123c elementor-widget elementor-widget-image\" data-id=\"8ba123c\" data-element_type=\"widget\" data-e-type=\"widget\" data-widget_type=\"image.default\">\n\t\t\t\t<div class=\"elementor-widget-container\">\n\t\t\t\t\t\t\t\t\t\t\t\t\t\t\t<img loading=\"lazy\" decoding=\"async\" width=\"1458\" height=\"1042\" src=\"https:\/\/carma.bz.it\/wp-content\/uploads\/2024\/06\/1-1.webp\" class=\"attachment-full size-full wp-image-864\" alt=\"\" srcset=\"https:\/\/carma.bz.it\/wp-content\/uploads\/2024\/06\/1-1.webp 1458w, https:\/\/carma.bz.it\/wp-content\/uploads\/2024\/06\/1-1-300x214.webp 300w, https:\/\/carma.bz.it\/wp-content\/uploads\/2024\/06\/1-1-1024x732.webp 1024w, https:\/\/carma.bz.it\/wp-content\/uploads\/2024\/06\/1-1-768x549.webp 768w\" sizes=\"(max-width: 1458px) 100vw, 1458px\" \/>\t\t\t\t\t\t\t\t\t\t\t\t\t\t\t<\/div>\n\t\t\t\t<\/div>\n\t\t\t\t\t<\/div>\n\t\t\t\t<\/div>\n\t\t<div class=\"elementor-element elementor-element-5b49e14 e-flex e-con-boxed e-con e-child\" data-id=\"5b49e14\" data-element_type=\"container\" data-e-type=\"container\">\n\t\t\t\t\t<div class=\"e-con-inner\">\n\t\t\t\t<div class=\"elementor-element elementor-element-b0cd7a8 elementor-widget elementor-widget-image\" data-id=\"b0cd7a8\" data-element_type=\"widget\" data-e-type=\"widget\" data-widget_type=\"image.default\">\n\t\t\t\t<div class=\"elementor-widget-container\">\n\t\t\t\t\t\t\t\t\t\t\t\t\t\t\t<img loading=\"lazy\" decoding=\"async\" width=\"1458\" height=\"1042\" src=\"https:\/\/carma.bz.it\/wp-content\/uploads\/2024\/06\/4-1.webp\" class=\"attachment-full size-full wp-image-902\" alt=\"\" srcset=\"https:\/\/carma.bz.it\/wp-content\/uploads\/2024\/06\/4-1.webp 1458w, https:\/\/carma.bz.it\/wp-content\/uploads\/2024\/06\/4-1-300x214.webp 300w, https:\/\/carma.bz.it\/wp-content\/uploads\/2024\/06\/4-1-1024x732.webp 1024w, https:\/\/carma.bz.it\/wp-content\/uploads\/2024\/06\/4-1-768x549.webp 768w\" sizes=\"(max-width: 1458px) 100vw, 1458px\" \/>\t\t\t\t\t\t\t\t\t\t\t\t\t\t\t<\/div>\n\t\t\t\t<\/div>\n\t\t\t\t\t<\/div>\n\t\t\t\t<\/div>\n\t\t\t\t\t<\/div>\n\t\t\t\t<\/div>\n\t\t\t\t\t<\/div>\n\t\t\t\t<\/div>\n\t\t<div class=\"elementor-element elementor-element-4642547 e-flex e-con-boxed e-con e-parent\" data-id=\"4642547\" data-element_type=\"container\" data-e-type=\"container\" data-settings=\"{&quot;background_background&quot;:&quot;classic&quot;}\">\n\t\t\t\t\t<div class=\"e-con-inner\">\n\t\t\t\t<div class=\"elementor-element elementor-element-b137847 elementor-widget elementor-widget-spacer\" data-id=\"b137847\" data-element_type=\"widget\" data-e-type=\"widget\" data-widget_type=\"spacer.default\">\n\t\t\t\t<div class=\"elementor-widget-container\">\n\t\t\t\t\t\t\t<div class=\"elementor-spacer\">\n\t\t\t<div class=\"elementor-spacer-inner\"><\/div>\n\t\t<\/div>\n\t\t\t\t\t\t<\/div>\n\t\t\t\t<\/div>\n\t\t\t\t\t<\/div>\n\t\t\t\t<\/div>\n\t\t<div class=\"elementor-element elementor-element-85ae7a3 e-flex e-con-boxed e-con e-parent\" data-id=\"85ae7a3\" data-element_type=\"container\" data-e-type=\"container\" data-settings=\"{&quot;background_background&quot;:&quot;classic&quot;}\">\n\t\t\t\t\t<div class=\"e-con-inner\">\n\t\t<div class=\"elementor-element elementor-element-a8966a8 e-flex e-con-boxed e-con e-child\" data-id=\"a8966a8\" data-element_type=\"container\" data-e-type=\"container\">\n\t\t\t\t\t<div class=\"e-con-inner\">\n\t\t\t\t<div class=\"elementor-element elementor-element-5888142 elementor-widget elementor-widget-text-editor\" data-id=\"5888142\" data-element_type=\"widget\" data-e-type=\"widget\" data-widget_type=\"text-editor.default\">\n\t\t\t\t<div class=\"elementor-widget-container\">\n\t\t\t\t\t\t\t\t\t<p>Offriamo diversi tipi di pasta, che produciamo e prepariamo freschi ogni giorno. Ci prendiamo cura della nostra eredit\u00e0 culinaria mediterranea, fedeli al motto &#8220;meno \u00e8 meglio&#8221;! Ecco perch\u00e9 puoi aspettarti ingredienti accuratamente selezionati e di alta qualit\u00e0 provenienti dall&#8217;Alto Adige e dall&#8217;Italia.<\/p>\t\t\t\t\t\t\t\t<\/div>\n\t\t\t\t<\/div>\n\t\t\t\t\t<\/div>\n\t\t\t\t<\/div>\n\t\t<div class=\"elementor-element elementor-element-27bceb3 e-con-full e-flex e-con e-child\" data-id=\"27bceb3\" data-element_type=\"container\" data-e-type=\"container\">\n\t\t\t\t<div class=\"elementor-element elementor-element-f49815d elementor-widget elementor-widget-image\" data-id=\"f49815d\" data-element_type=\"widget\" data-e-type=\"widget\" data-widget_type=\"image.default\">\n\t\t\t\t<div class=\"elementor-widget-container\">\n\t\t\t\t\t\t\t\t\t\t\t\t\t\t\t<img loading=\"lazy\" decoding=\"async\" width=\"1042\" height=\"729\" src=\"https:\/\/carma.bz.it\/wp-content\/uploads\/2024\/05\/newbtzs.jpg\" class=\"attachment-full size-full wp-image-636\" alt=\"\" srcset=\"https:\/\/carma.bz.it\/wp-content\/uploads\/2024\/05\/newbtzs.jpg 1042w, https:\/\/carma.bz.it\/wp-content\/uploads\/2024\/05\/newbtzs-300x210.jpg 300w, https:\/\/carma.bz.it\/wp-content\/uploads\/2024\/05\/newbtzs-1024x716.jpg 1024w, https:\/\/carma.bz.it\/wp-content\/uploads\/2024\/05\/newbtzs-768x537.jpg 768w\" sizes=\"(max-width: 1042px) 100vw, 1042px\" \/>\t\t\t\t\t\t\t\t\t\t\t\t\t\t\t<\/div>\n\t\t\t\t<\/div>\n\t\t\t\t<\/div>\n\t\t\t\t\t<\/div>\n\t\t\t\t<\/div>\n\t\t<div class=\"elementor-element elementor-element-a22150a e-con-full e-flex e-con e-parent\" data-id=\"a22150a\" data-element_type=\"container\" data-e-type=\"container\" data-settings=\"{&quot;background_background&quot;:&quot;classic&quot;}\">\n\t\t\t\t<div class=\"elementor-element elementor-element-71fc173 elementor-widget elementor-widget-image\" data-id=\"71fc173\" data-element_type=\"widget\" data-e-type=\"widget\" data-widget_type=\"image.default\">\n\t\t\t\t<div class=\"elementor-widget-container\">\n\t\t\t\t\t\t\t\t\t\t\t\t\t\t\t<img loading=\"lazy\" decoding=\"async\" width=\"1366\" height=\"50\" src=\"https:\/\/carma.bz.it\/wp-content\/uploads\/2024\/05\/Element-2.svg\" class=\"attachment-full size-full wp-image-658\" alt=\"\" \/>\t\t\t\t\t\t\t\t\t\t\t\t\t\t\t<\/div>\n\t\t\t\t<\/div>\n\t\t\t\t<\/div>\n\t\t<div class=\"elementor-element elementor-element-46b7bb2 e-flex e-con-boxed e-con e-parent\" data-id=\"46b7bb2\" data-element_type=\"container\" data-e-type=\"container\" data-settings=\"{&quot;background_background&quot;:&quot;classic&quot;}\">\n\t\t\t\t\t<div class=\"e-con-inner\">\n\t\t\t\t<div class=\"elementor-element elementor-element-e1945f5 elementor-widget elementor-widget-shortcode\" data-id=\"e1945f5\" data-element_type=\"widget\" data-e-type=\"widget\" data-widget_type=\"shortcode.default\">\n\t\t\t\t<div class=\"elementor-widget-container\">\n\t\t\t\t\t\t\t<div class=\"elementor-shortcode\">\r\n            \r\n            \r\n            \r\n            <a name='map1'><\/a>\r\n            \r\n            \r\n            \r\n            \r\n            <div class=\"wpgmza_map \"  id=\"wpgmza_map_1\" style=\"display:block; overflow:auto; width:100%; height:400px; float:left;\" data-settings='{\"id\":\"1\",\"map_title\":\"My first map\",\"map_width\":\"100\",\"map_height\":\"400\",\"map_start_lat\":\"46.719999270687126\",\"map_start_lng\":\"11.655937699999983\",\"map_start_location\":\"45.950464398418106,-109.81550500000003\",\"map_start_zoom\":\"16\",\"default_marker\":\"{\\\"url\\\":\\\"\\\/\\\/carma.bz.it\\\/wp-content\\\/uploads\\\/2024\\\/05\\\/mapicon-logo-11.png\\\",\\\"retina\\\":true}\",\"type\":\"1\",\"alignment\":\"4\",\"directions_enabled\":\"0\",\"styling_enabled\":\"0\",\"styling_json\":\"\",\"active\":\"0\",\"kml\":\"\",\"bicycle\":\"0\",\"traffic\":\"0\",\"dbox\":\"1\",\"dbox_width\":\"\",\"listmarkers\":\"0\",\"listmarkers_advanced\":\"0\",\"filterbycat\":\"0\",\"ugm_enabled\":\"0\",\"ugm_category_enabled\":\"0\",\"fusion\":\"\",\"map_width_type\":\"%\",\"map_height_type\":\"px\",\"mass_marker_support\":\"0\",\"ugm_access\":\"0\",\"order_markers_by\":\"1\",\"order_markers_choice\":\"1\",\"show_user_location\":\"0\",\"default_to\":\"\",\"other_settings\":{\"map_type\":1,\"sl_stroke_color\":\"#000000\",\"sl_fill_color\":\"#000000\",\"sl_stroke_opacity\":\"\",\"sl_fill_opacity\":\"\",\"transport_layer\":false,\"action\":\"wpgmza_save_map\",\"redirect_to\":\"\\\/wp-admin\\\/admin-post.php\",\"map_id\":\"1\",\"http_referer\":\"\\\/wp-admin\\\/admin.php?page=wp-google-maps-menu&amp;amp;action=edit&amp;amp;map_id=1\",\"wpgmza_id\":\"1\",\"wpgmza_start_location\":\"46.719999270687126,11.655937699999983\",\"wpgmza_start_zoom\":\"16\",\"wpgmza_theme_data\":\"\",\"store_locator_enabled\":false,\"store_locator_search_area\":\"radial\",\"wpgmza_store_locator_radius_style\":\"legacy\",\"wpgmza_store_locator_default_radius\":\"10\",\"store_locator_auto_area_max_zoom\":\"\",\"store_locator_distance\":false,\"wpgmza_store_locator_position\":false,\"store_locator_show_distance\":false,\"store_locator_category\":false,\"wpgmza_store_locator_use_their_location\":false,\"wpgmza_store_locator_bounce\":false,\"wpgmza_sl_animation\":\"0\",\"wpgmza_store_locator_hide_before_search\":false,\"store_locator_query_string\":\"\",\"store_locator_location_placeholder\":\"\",\"store_locator_default_address\":\"\",\"store_locator_name_search\":false,\"store_locator_name_string\":\"\",\"store_locator_not_found_message\":\"\",\"wpgmza_map_align\":\"1\",\"jump_to_nearest_marker_on_initialization\":false,\"automatically_pan_to_users_location\":false,\"override_users_location_zoom_level\":false,\"override_users_location_zoom_levels\":\"\",\"show_distance_from_location\":false,\"map_max_zoom\":\"15\",\"map_min_zoom\":\"0\",\"click_open_link\":false,\"fit_maps_bounds_to_markers\":false,\"fit_maps_bounds_to_markers_after_filtering\":false,\"hide_point_of_interest\":false,\"wpgmza_zoom_on_marker_click\":false,\"wpgmza_zoom_on_marker_click_slider\":\"\",\"close_infowindow_on_map_click\":false,\"disable_lightbox_images\":false,\"use_Raw_Jpeg_Coordinates\":false,\"polygon_labels\":false,\"disable_polygon_info_windows\":false,\"enable_marker_ratings\":false,\"only_load_markers_within_viewport\":false,\"zoom_level_mobile_override_enabled\":false,\"zoom_level_mobile_override\":\"\",\"iw_primary_color\":\"#000000\",\"iw_accent_color\":\"#000000\",\"iw_text_color\":\"#000000\",\"wpgmza_listmarkers_by\":\"0\",\"wpgmza_marker_listing_position\":false,\"wpgmza_push_in_map\":false,\"wpgmza_push_in_map_placement\":\"1\",\"wpgmza_push_in_map_width\":\"\",\"wpgmza_push_in_map_height\":\"\",\"zoom_level_on_marker_listing_override\":false,\"zoom_level_on_marker_listing_click\":\"\",\"marker_listing_disable_zoom\":false,\"datatable_no_result_message\":\"\",\"remove_search_box_datables\":false,\"dataTable_pagination_style\":\"default\",\"datatable_search_string\":\"\",\"datatable_result_start\":\"\",\"datatable_result_of\":\"\",\"datatable_result_to\":\"\",\"datatable_result_total\":\"\",\"datatable_result_show\":\"\",\"datatable_result_entries\":\"\",\"wpgmza_savemap\":\"Save Map \\u00bb\",\"shortcodeAttributes\":{\"id\":\"1\"},\"wpgmza_dbox_width_type\":\"%\",\"default_from\":\"\",\"directions_behaviour\":\"default\",\"force_google_directions_app\":false,\"directions_route_origin_icon\":\"https:\\\/\\\/carma.bz.it\\\/wp-content\\\/plugins\\\/wp-google-maps\\\/images\\\/spotlight-poi3.png\",\"directions_origin_retina\":false,\"directions_route_destination_icon\":\"https:\\\/\\\/carma.bz.it\\\/wp-content\\\/plugins\\\/wp-google-maps\\\/images\\\/spotlight-poi3.png\",\"directions_destination_retina\":false,\"directions_route_stroke_color\":\"#4f8df5\",\"directions_route_stroke_weight\":\"4\",\"directions_route_stroke_opacity\":\"0.8\",\"directions_fit_bounds_to_route\":false,\"wpgmza_store_locator_restrict\":\"\",\"upload_default_sl_marker\":\"\",\"upload_default_sl_marker_retina\":false,\"retina\":true,\"upload_default_ul_marker\":\"\",\"upload_default_ul_marker_retina\":false,\"enable_advanced_custom_fields_integration\":false,\"enable_toolset_woocommerce_integration\":false,\"enable_woo_product_integration\":false}}' data-map-id='1' data-shortcode-attributes='{\"id\":\"1\"}'> <\/div>\r\n            \r\n               \r\n        <\/div>\n\t\t\t\t\t\t<\/div>\n\t\t\t\t<\/div>\n\t\t\t\t\t<\/div>\n\t\t\t\t<\/div>\n\t\t\t\t<\/div>\n\t\t","protected":false},"excerpt":{"rendered":"<p>pasta breakfast BAR Hai gi\u00e0 fatto un Brunch \u00e0 la carte oggi? Da noi puoi comporre la tua colazione come preferisci: Che si tratti di panini (anche senza glutine), pancake, porridge, piatti a base di uova, salmone, salumi o formaggi misti, yogurt, frutta fresca o muesli \u2013 accompagnati da succhi freschi e bevande calde a [&hellip;]<\/p>\n","protected":false},"author":2,"featured_media":0,"parent":0,"menu_order":0,"comment_status":"closed","ping_status":"closed","template":"elementor_header_footer","meta":{"footnotes":""},"class_list":["post-693","page","type-page","status-publish","hentry"],"aioseo_notices":[],"_links":{"self":[{"href":"https:\/\/carma.bz.it\/it\/wp-json\/wp\/v2\/pages\/693","targetHints":{"allow":["GET"]}}],"collection":[{"href":"https:\/\/carma.bz.it\/it\/wp-json\/wp\/v2\/pages"}],"about":[{"href":"https:\/\/carma.bz.it\/it\/wp-json\/wp\/v2\/types\/page"}],"author":[{"embeddable":true,"href":"https:\/\/carma.bz.it\/it\/wp-json\/wp\/v2\/users\/2"}],"replies":[{"embeddable":true,"href":"https:\/\/carma.bz.it\/it\/wp-json\/wp\/v2\/comments?post=693"}],"version-history":[{"count":26,"href":"https:\/\/carma.bz.it\/it\/wp-json\/wp\/v2\/pages\/693\/revisions"}],"predecessor-version":[{"id":951,"href":"https:\/\/carma.bz.it\/it\/wp-json\/wp\/v2\/pages\/693\/revisions\/951"}],"wp:attachment":[{"href":"https:\/\/carma.bz.it\/it\/wp-json\/wp\/v2\/media?parent=693"}],"curies":[{"name":"wp","href":"https:\/\/api.w.org\/{rel}","templated":true}]}}